{"id":25,"date":"2015-01-24T08:27:36","date_gmt":"2015-01-24T07:27:36","guid":{"rendered":"http:\/\/www.ikob.cz\/?page_id=25"},"modified":"2015-02-04T17:01:19","modified_gmt":"2015-02-04T16:01:19","slug":"uvodni-stranka","status":"publish","type":"page","link":"https:\/\/www.ikob.cz\/","title":{"rendered":"\u00davodn\u00ed str\u00e1nka"},"content":{"rendered":"<p>&nbsp;<\/p>\n<p style=\"text-align: left;\"><em><strong>Ozn\u00e1men\u00ed :<\/strong><\/em><\/p>\n<p style=\"text-align: left;\">od 1.1.2015 n\u00e1s m\u016f\u017eete naj\u00edt na nov\u00e9 adrese &#8211; viz z\u00e1lo\u017eka Kontakty<\/p>\n<p style=\"text-align: left;\">\n<p style=\"text-align: left;\">Vzhledem k tomu, \u017ee nem\u00e1me pevnou otev\u00edrac\u00ed dobu, doporu\u010dujeme p\u0159ed n\u00e1v\u0161t\u011bvou kontaktovat n\u00e1s na telefonu.<\/p>\n<p style=\"text-align: left;\">\n","protected":false},"excerpt":{"rendered":"<p>&nbsp; Ozn\u00e1men\u00ed : od 1.1.2015 n\u00e1s m\u016f\u017eete naj\u00edt na nov\u00e9 adrese &#8211; viz z\u00e1lo\u017eka Kontakty Vzhledem k tomu, \u017ee nem\u00e1me pevnou otev\u00edrac\u00ed dobu, doporu\u010dujeme p\u0159ed n\u00e1v\u0161t\u011bvou kontaktovat n\u00e1s na telefonu.<\/p>\n","protected":false},"author":1,"featured_media":0,"parent":0,"menu_order":0,"comment_status":"open","ping_status":"open","template":"","meta":[],"_links":{"self":[{"href":"https:\/\/www.ikob.cz\/index.php?rest_route=\/wp\/v2\/pages\/25"}],"collection":[{"href":"https:\/\/www.ikob.cz\/index.php?rest_route=\/wp\/v2\/pages"}],"about":[{"href":"https:\/\/www.ikob.cz\/index.php?rest_route=\/wp\/v2\/types\/page"}],"author":[{"embeddable":true,"href":"https:\/\/www.ikob.cz\/index.php?rest_route=\/wp\/v2\/users\/1"}],"replies":[{"embeddable":true,"href":"https:\/\/www.ikob.cz\/index.php?rest_route=%2Fwp%2Fv2%2Fcomments&post=25"}],"version-history":[{"count":4,"href":"https:\/\/www.ikob.cz\/index.php?rest_route=\/wp\/v2\/pages\/25\/revisions"}],"predecessor-version":[{"id":51,"href":"https:\/\/www.ikob.cz\/index.php?rest_route=\/wp\/v2\/pages\/25\/revisions\/51"}],"wp:attachment":[{"href":"https:\/\/www.ikob.cz\/index.php?rest_route=%2Fwp%2Fv2%2Fmedia&parent=25"}],"curies":[{"name":"wp","href":"https:\/\/api.w.org\/{rel}","templated":true}]}}