{"id":23,"date":"2015-01-24T08:24:53","date_gmt":"2015-01-24T07:24:53","guid":{"rendered":"http:\/\/www.ikob.cz\/?page_id=23"},"modified":"2015-01-25T08:33:06","modified_gmt":"2015-01-25T07:33:06","slug":"kontakty","status":"publish","type":"page","link":"https:\/\/www.ikob.cz\/?page_id=23","title":{"rendered":"Kontakty"},"content":{"rendered":"<p>&nbsp;<\/p>\n<p>Prodejna a servis : J.Siln\u00e9ho 2349, 76701 Krom\u011b\u0159\u00ed\u017e<\/p>\n<p>tel. : 606 706 136<\/p>\n<p><iframe loading=\"lazy\" src=\"\/\/api.mapy.cz\/frame?params=%7B%22x%22%3A17.410664135580685%2C%22y%22%3A49.30805151637728%2C%22base%22%3A%221%22%2C%22layers%22%3A%5B%5D%2C%22zoom%22%3A15%2C%22url%22%3A%22http%3A%2F%2Fwww.mapy.cz%2Fs%2FfqUL%22%2C%22mark%22%3A%7B%22x%22%3A%2217.410664135580685%22%2C%22y%22%3A%2249.30805151637728%22%2C%22title%22%3A%22Jo%C5%BEky%20Siln%C3%A9ho%202349%2F4%2C%20Krom%C4%9B%C5%99%C3%AD%C5%BE%22%7D%2C%22overview%22%3Atrue%7D&amp;width=400&amp;height=280\" width=\"400\" height=\"280\" style=\"border:none\" frameBorder=\"0\"><\/iframe><\/p>\n<p>&nbsp;<\/p>\n<p>Napi\u0161te n\u00e1m: [contact-form to=&#8217;obchod@pc-house.cz&#8216; subject=&#8217;Zpr\u00e1va WEB&#8216;][contact-field label=&#8217;Name&#8216; type=&#8217;name&#8216; required=&#8217;1&#8217;\/][contact-field label=&#8217;Email&#8216; type=&#8217;email&#8216; required=&#8217;1&#8217;\/][contact-field label=&#8217;Koment\u00e1\u0159&#8216; type=&#8217;textarea&#8216; required=&#8217;1&#8217;\/][\/contact-form]<\/p>\n","protected":false},"excerpt":{"rendered":"<p>&nbsp; Prodejna a servis : J.Siln\u00e9ho 2349, 76701 Krom\u011b\u0159\u00ed\u017e tel. : 606 706 136 &nbsp; Napi\u0161te n\u00e1m: [contact-form to=&#8217;obchod@pc-house.cz&#8216; subject=&#8217;Zpr\u00e1va WEB&#8216;][contact-field label=&#8217;Name&#8216; type=&#8217;name&#8216; required=&#8217;1&#8217;\/][contact-field label=&#8217;Email&#8216; type=&#8217;email&#8216; required=&#8217;1&#8217;\/][contact-field label=&#8217;Koment\u00e1\u0159&#8216; type=&#8217;textarea&#8216; required=&#8217;1&#8217;\/][\/contact-form]<\/p>\n","protected":false},"author":1,"featured_media":0,"parent":0,"menu_order":0,"comment_status":"open","ping_status":"open","template":"","meta":[],"_links":{"self":[{"href":"https:\/\/www.ikob.cz\/index.php?rest_route=\/wp\/v2\/pages\/23"}],"collection":[{"href":"https:\/\/www.ikob.cz\/index.php?rest_route=\/wp\/v2\/pages"}],"about":[{"href":"https:\/\/www.ikob.cz\/index.php?rest_route=\/wp\/v2\/types\/page"}],"author":[{"embeddable":true,"href":"https:\/\/www.ikob.cz\/index.php?rest_route=\/wp\/v2\/users\/1"}],"replies":[{"embeddable":true,"href":"https:\/\/www.ikob.cz\/index.php?rest_route=%2Fwp%2Fv2%2Fcomments&post=23"}],"version-history":[{"count":5,"href":"https:\/\/www.ikob.cz\/index.php?rest_route=\/wp\/v2\/pages\/23\/revisions"}],"predecessor-version":[{"id":46,"href":"https:\/\/www.ikob.cz\/index.php?rest_route=\/wp\/v2\/pages\/23\/revisions\/46"}],"wp:attachment":[{"href":"https:\/\/www.ikob.cz\/index.php?rest_route=%2Fwp%2Fv2%2Fmedia&parent=23"}],"curies":[{"name":"wp","href":"https:\/\/api.w.org\/{rel}","templated":true}]}}