{"id":18,"date":"2015-01-24T07:52:48","date_gmt":"2015-01-24T06:52:48","guid":{"rendered":"http:\/\/www.ikob.cz\/?page_id=18"},"modified":"2015-01-24T07:52:48","modified_gmt":"2015-01-24T06:52:48","slug":"ucetnictvi","status":"publish","type":"page","link":"https:\/\/www.ikob.cz\/?page_id=18","title":{"rendered":"\u00da\u010detnictv\u00ed"},"content":{"rendered":"<p style=\"padding-left: 60px;\"><a href=\"http:\/\/www.ikob.cz\/wp-content\/uploads\/2015\/01\/pohoda-logo.jpg\"><img decoding=\"async\" loading=\"lazy\" class=\"alignnone size-medium wp-image-19\" src=\"http:\/\/www.ikob.cz\/wp-content\/uploads\/2015\/01\/pohoda-logo-300x106.jpg\" alt=\"pohoda-logo\" width=\"300\" height=\"106\" srcset=\"https:\/\/www.ikob.cz\/wp-content\/uploads\/2015\/01\/pohoda-logo-300x106.jpg 300w, https:\/\/www.ikob.cz\/wp-content\/uploads\/2015\/01\/pohoda-logo.jpg 310w\" sizes=\"(max-width: 300px) 100vw, 300px\" \/><\/a><\/p>\n<p>&nbsp;<\/p>\n<ul>\n<li>instalace a \u00fadr\u017eba \u00fa\u010detn\u00edho SW Pohoda<\/li>\n<li>veden\u00ed \u00fa\u010detnictv\u00ed<\/li>\n<li>\u00fa\u010detn\u00ed poradenstv\u00ed<\/li>\n<\/ul>\n","protected":false},"excerpt":{"rendered":"<p>&nbsp; instalace a \u00fadr\u017eba \u00fa\u010detn\u00edho SW Pohoda veden\u00ed \u00fa\u010detnictv\u00ed \u00fa\u010detn\u00ed poradenstv\u00ed<\/p>\n","protected":false},"author":1,"featured_media":0,"parent":0,"menu_order":0,"comment_status":"open","ping_status":"open","template":"","meta":[],"_links":{"self":[{"href":"https:\/\/www.ikob.cz\/index.php?rest_route=\/wp\/v2\/pages\/18"}],"collection":[{"href":"https:\/\/www.ikob.cz\/index.php?rest_route=\/wp\/v2\/pages"}],"about":[{"href":"https:\/\/www.ikob.cz\/index.php?rest_route=\/wp\/v2\/types\/page"}],"author":[{"embeddable":true,"href":"https:\/\/www.ikob.cz\/index.php?rest_route=\/wp\/v2\/users\/1"}],"replies":[{"embeddable":true,"href":"https:\/\/www.ikob.cz\/index.php?rest_route=%2Fwp%2Fv2%2Fcomments&post=18"}],"version-history":[{"count":1,"href":"https:\/\/www.ikob.cz\/index.php?rest_route=\/wp\/v2\/pages\/18\/revisions"}],"predecessor-version":[{"id":20,"href":"https:\/\/www.ikob.cz\/index.php?rest_route=\/wp\/v2\/pages\/18\/revisions\/20"}],"wp:attachment":[{"href":"https:\/\/www.ikob.cz\/index.php?rest_route=%2Fwp%2Fv2%2Fmedia&parent=18"}],"curies":[{"name":"wp","href":"https:\/\/api.w.org\/{rel}","templated":true}]}}