{"id":12,"date":"2015-01-24T07:51:59","date_gmt":"2015-01-24T06:51:59","guid":{"rendered":"http:\/\/www.ikob.cz\/?page_id=12"},"modified":"2015-01-24T07:51:59","modified_gmt":"2015-01-24T06:51:59","slug":"sluzby-it","status":"publish","type":"page","link":"https:\/\/www.ikob.cz\/?page_id=12","title":{"rendered":"Slu\u017eby IT"},"content":{"rendered":"<ul>\n<li>servis HW<\/li>\n<li>instalace a \u00fadr\u017eba SW<\/li>\n<li>projektov\u00e1n\u00ed a instalace slaboproud\u00fdch rozvod\u016f<\/li>\n<\/ul>\n","protected":false},"excerpt":{"rendered":"<p>servis HW instalace a \u00fadr\u017eba SW projektov\u00e1n\u00ed a instalace slaboproud\u00fdch rozvod\u016f<\/p>\n","protected":false},"author":1,"featured_media":0,"parent":0,"menu_order":0,"comment_status":"open","ping_status":"open","template":"","meta":[],"_links":{"self":[{"href":"https:\/\/www.ikob.cz\/index.php?rest_route=\/wp\/v2\/pages\/12"}],"collection":[{"href":"https:\/\/www.ikob.cz\/index.php?rest_route=\/wp\/v2\/pages"}],"about":[{"href":"https:\/\/www.ikob.cz\/index.php?rest_route=\/wp\/v2\/types\/page"}],"author":[{"embeddable":true,"href":"https:\/\/www.ikob.cz\/index.php?rest_route=\/wp\/v2\/users\/1"}],"replies":[{"embeddable":true,"href":"https:\/\/www.ikob.cz\/index.php?rest_route=%2Fwp%2Fv2%2Fcomments&post=12"}],"version-history":[{"count":1,"href":"https:\/\/www.ikob.cz\/index.php?rest_route=\/wp\/v2\/pages\/12\/revisions"}],"predecessor-version":[{"id":13,"href":"https:\/\/www.ikob.cz\/index.php?rest_route=\/wp\/v2\/pages\/12\/revisions\/13"}],"wp:attachment":[{"href":"https:\/\/www.ikob.cz\/index.php?rest_route=%2Fwp%2Fv2%2Fmedia&parent=12"}],"curies":[{"name":"wp","href":"https:\/\/api.w.org\/{rel}","templated":true}]}}